{"id":5306,"date":"2024-04-12T13:43:53","date_gmt":"2024-04-12T10:43:53","guid":{"rendered":"https:\/\/rocketseo.dev\/seo\/"},"modified":"2024-06-05T11:57:34","modified_gmt":"2024-06-05T08:57:34","slug":"promovarea-seo","status":"publish","type":"page","link":"https:\/\/rocketseo.dev\/ro\/promovarea-seo\/","title":{"rendered":"Promovarea SEO"},"content":{"rendered":"","protected":false},"excerpt":{"rendered":"","protected":false},"author":2,"featured_media":0,"parent":0,"menu_order":0,"comment_status":"closed","ping_status":"closed","template":"template-parts\/page-seo.php","meta":{"footnotes":""},"class_list":["post-5306","page","type-page","status-publish","hentry"],"featured_image_urls":{"full":"","thumbnail":"","medium":"","medium_large":"","large":"","1536x1536":"","2048x2048":"","betterdocs-category-thumb":""},"post_excerpt_stackable":"","category_list":"","author_info":{"name":"Rocketseo","url":"https:\/\/rocketseo.dev\/ro\/author\/rocketseo\/"},"comments_num":"0 comments","yoast_head":"<!-- This site is optimized with the Yoast SEO Premium plugin v21.5 (Yoast SEO v21.5) - https:\/\/yoast.com\/wordpress\/plugins\/seo\/ -->\n<title>Promovarea SEO \u00een Moldova: Comand\u0103 optimizarea site-ului \u00een RocketSEO \ud83d\ude80<\/title>\n<meta name=\"description\" content=\"Comanda\u021bi o promovare SEO complet\u0103 pentru site-ul dvs. \u00een Moldova. \ud83d\ude80 Echipa noastr\u0103 de speciali\u0219ti SEO cu experien\u021b\u0103 se va ocupa de optimizare \u0219i v\u0103 va ajuta s\u0103 v\u0103 aduce\u021bi \u00een TOP. \ud83d\udd1d Vizita\u021bi site-ul nostru pentru a ob\u021bine pre\u021buri, citi\u021bi recenzii \u0219i alte detalii.\" \/>\n<meta name=\"robots\" content=\"noindex, follow, max-snippet:-1, max-image-preview:large, max-video-preview:-1\" \/>\n<meta property=\"og:locale\" content=\"ro_RO\" \/>\n<meta property=\"og:type\" content=\"article\" \/>\n<meta property=\"og:title\" content=\"Promovarea SEO \u00een Moldova: Comand\u0103 optimizarea site-ului \u00een RocketSEO \ud83d\ude80\" \/>\n<meta property=\"og:description\" content=\"Comanda\u021bi o promovare SEO complet\u0103 pentru site-ul dvs. \u00een Moldova. \ud83d\ude80 Echipa noastr\u0103 de speciali\u0219ti SEO cu experien\u021b\u0103 se va ocupa de optimizare \u0219i v\u0103 va ajuta s\u0103 v\u0103 aduce\u021bi \u00een TOP. \ud83d\udd1d Vizita\u021bi site-ul nostru pentru a ob\u021bine pre\u021buri, citi\u021bi recenzii \u0219i alte detalii.\" \/>\n<meta property=\"og:url\" content=\"https:\/\/rocketseo.dev\/ro\/promovarea-seo\/\" \/>\n<meta property=\"og:site_name\" content=\"RocketSEO.md\" \/>\n<meta property=\"article:modified_time\" content=\"2024-06-05T08:57:34+00:00\" \/>\n<meta property=\"og:image\" content=\"https:\/\/rocketseo.dev\/wp-content\/uploads\/2024\/02\/logo.png\" \/>\n\t<meta property=\"og:image:width\" content=\"276\" \/>\n\t<meta property=\"og:image:height\" content=\"92\" \/>\n\t<meta property=\"og:image:type\" content=\"image\/png\" \/>\n<meta name=\"twitter:card\" content=\"summary_large_image\" \/>\n<script type=\"application\/ld+json\" class=\"yoast-schema-graph\">{\"@context\":\"https:\/\/schema.org\",\"@graph\":[{\"@type\":\"WebPage\",\"@id\":\"https:\/\/rocketseo.dev\/ro\/promovarea-seo\/\",\"url\":\"https:\/\/rocketseo.dev\/ro\/promovarea-seo\/\",\"name\":\"Promovarea SEO \u00een Moldova: Comand\u0103 optimizarea site-ului \u00een RocketSEO \ud83d\ude80\",\"isPartOf\":{\"@id\":\"https:\/\/rocketseo.dev\/ro\/#website\"},\"datePublished\":\"2024-04-12T10:43:53+00:00\",\"dateModified\":\"2024-06-05T08:57:34+00:00\",\"description\":\"Comanda\u021bi o promovare SEO complet\u0103 pentru site-ul dvs. \u00een Moldova. \ud83d\ude80 Echipa noastr\u0103 de speciali\u0219ti SEO cu experien\u021b\u0103 se va ocupa de optimizare \u0219i v\u0103 va ajuta s\u0103 v\u0103 aduce\u021bi \u00een TOP. \ud83d\udd1d Vizita\u021bi site-ul nostru pentru a ob\u021bine pre\u021buri, citi\u021bi recenzii \u0219i alte detalii.\",\"inLanguage\":\"ro-RO\",\"potentialAction\":[{\"@type\":\"ReadAction\",\"target\":[\"https:\/\/rocketseo.dev\/ro\/promovarea-seo\/\"]}]},{\"@type\":\"WebSite\",\"@id\":\"https:\/\/rocketseo.dev\/ro\/#website\",\"url\":\"https:\/\/rocketseo.dev\/ro\/\",\"name\":\"RocketSEO.md\",\"description\":\"\",\"publisher\":{\"@id\":\"https:\/\/rocketseo.dev\/ro\/#organization\"},\"potentialAction\":[{\"@type\":\"SearchAction\",\"target\":{\"@type\":\"EntryPoint\",\"urlTemplate\":\"https:\/\/rocketseo.dev\/ro\/?s={search_term_string}\"},\"query-input\":\"required name=search_term_string\"}],\"inLanguage\":\"ro-RO\"},{\"@type\":\"Organization\",\"@id\":\"https:\/\/rocketseo.dev\/ro\/#organization\",\"name\":\"RocketSEO.md\",\"url\":\"https:\/\/rocketseo.dev\/ro\/\",\"logo\":{\"@type\":\"ImageObject\",\"inLanguage\":\"ro-RO\",\"@id\":\"https:\/\/rocketseo.dev\/ro\/#\/schema\/logo\/image\/\",\"url\":\"https:\/\/rocketseo.dev\/wp-content\/uploads\/2024\/02\/logo.png\",\"contentUrl\":\"https:\/\/rocketseo.dev\/wp-content\/uploads\/2024\/02\/logo.png\",\"width\":276,\"height\":92,\"caption\":\"RocketSEO.md\"},\"image\":{\"@id\":\"https:\/\/rocketseo.dev\/ro\/#\/schema\/logo\/image\/\"}}]}<\/script>\n<!-- \/ Yoast SEO Premium plugin. -->","yoast_head_json":{"title":"Promovarea SEO \u00een Moldova: Comand\u0103 optimizarea site-ului \u00een RocketSEO \ud83d\ude80","description":"Comanda\u021bi o promovare SEO complet\u0103 pentru site-ul dvs. \u00een Moldova. \ud83d\ude80 Echipa noastr\u0103 de speciali\u0219ti SEO cu experien\u021b\u0103 se va ocupa de optimizare \u0219i v\u0103 va ajuta s\u0103 v\u0103 aduce\u021bi \u00een TOP. \ud83d\udd1d Vizita\u021bi site-ul nostru pentru a ob\u021bine pre\u021buri, citi\u021bi recenzii \u0219i alte detalii.","robots":{"index":"noindex","follow":"follow","max-snippet":"max-snippet:-1","max-image-preview":"max-image-preview:large","max-video-preview":"max-video-preview:-1"},"og_locale":"ro_RO","og_type":"article","og_title":"Promovarea SEO \u00een Moldova: Comand\u0103 optimizarea site-ului \u00een RocketSEO \ud83d\ude80","og_description":"Comanda\u021bi o promovare SEO complet\u0103 pentru site-ul dvs. \u00een Moldova. \ud83d\ude80 Echipa noastr\u0103 de speciali\u0219ti SEO cu experien\u021b\u0103 se va ocupa de optimizare \u0219i v\u0103 va ajuta s\u0103 v\u0103 aduce\u021bi \u00een TOP. \ud83d\udd1d Vizita\u021bi site-ul nostru pentru a ob\u021bine pre\u021buri, citi\u021bi recenzii \u0219i alte detalii.","og_url":"https:\/\/rocketseo.dev\/ro\/promovarea-seo\/","og_site_name":"RocketSEO.md","article_modified_time":"2024-06-05T08:57:34+00:00","og_image":[{"width":276,"height":92,"url":"https:\/\/rocketseo.dev\/wp-content\/uploads\/2024\/02\/logo.png","type":"image\/png"}],"twitter_card":"summary_large_image","schema":{"@context":"https:\/\/schema.org","@graph":[{"@type":"WebPage","@id":"https:\/\/rocketseo.dev\/ro\/promovarea-seo\/","url":"https:\/\/rocketseo.dev\/ro\/promovarea-seo\/","name":"Promovarea SEO \u00een Moldova: Comand\u0103 optimizarea site-ului \u00een RocketSEO \ud83d\ude80","isPartOf":{"@id":"https:\/\/rocketseo.dev\/ro\/#website"},"datePublished":"2024-04-12T10:43:53+00:00","dateModified":"2024-06-05T08:57:34+00:00","description":"Comanda\u021bi o promovare SEO complet\u0103 pentru site-ul dvs. \u00een Moldova. \ud83d\ude80 Echipa noastr\u0103 de speciali\u0219ti SEO cu experien\u021b\u0103 se va ocupa de optimizare \u0219i v\u0103 va ajuta s\u0103 v\u0103 aduce\u021bi \u00een TOP. \ud83d\udd1d Vizita\u021bi site-ul nostru pentru a ob\u021bine pre\u021buri, citi\u021bi recenzii \u0219i alte detalii.","inLanguage":"ro-RO","potentialAction":[{"@type":"ReadAction","target":["https:\/\/rocketseo.dev\/ro\/promovarea-seo\/"]}]},{"@type":"WebSite","@id":"https:\/\/rocketseo.dev\/ro\/#website","url":"https:\/\/rocketseo.dev\/ro\/","name":"RocketSEO.md","description":"","publisher":{"@id":"https:\/\/rocketseo.dev\/ro\/#organization"},"potentialAction":[{"@type":"SearchAction","target":{"@type":"EntryPoint","urlTemplate":"https:\/\/rocketseo.dev\/ro\/?s={search_term_string}"},"query-input":"required name=search_term_string"}],"inLanguage":"ro-RO"},{"@type":"Organization","@id":"https:\/\/rocketseo.dev\/ro\/#organization","name":"RocketSEO.md","url":"https:\/\/rocketseo.dev\/ro\/","logo":{"@type":"ImageObject","inLanguage":"ro-RO","@id":"https:\/\/rocketseo.dev\/ro\/#\/schema\/logo\/image\/","url":"https:\/\/rocketseo.dev\/wp-content\/uploads\/2024\/02\/logo.png","contentUrl":"https:\/\/rocketseo.dev\/wp-content\/uploads\/2024\/02\/logo.png","width":276,"height":92,"caption":"RocketSEO.md"},"image":{"@id":"https:\/\/rocketseo.dev\/ro\/#\/schema\/logo\/image\/"}}]}},"_links":{"self":[{"href":"https:\/\/rocketseo.dev\/ro\/wp-json\/wp\/v2\/pages\/5306","targetHints":{"allow":["GET"]}}],"collection":[{"href":"https:\/\/rocketseo.dev\/ro\/wp-json\/wp\/v2\/pages"}],"about":[{"href":"https:\/\/rocketseo.dev\/ro\/wp-json\/wp\/v2\/types\/page"}],"author":[{"embeddable":true,"href":"https:\/\/rocketseo.dev\/ro\/wp-json\/wp\/v2\/users\/2"}],"replies":[{"embeddable":true,"href":"https:\/\/rocketseo.dev\/ro\/wp-json\/wp\/v2\/comments?post=5306"}],"version-history":[{"count":11,"href":"https:\/\/rocketseo.dev\/ro\/wp-json\/wp\/v2\/pages\/5306\/revisions"}],"predecessor-version":[{"id":6158,"href":"https:\/\/rocketseo.dev\/ro\/wp-json\/wp\/v2\/pages\/5306\/revisions\/6158"}],"wp:attachment":[{"href":"https:\/\/rocketseo.dev\/ro\/wp-json\/wp\/v2\/media?parent=5306"}],"curies":[{"name":"wp","href":"https:\/\/api.w.org\/{rel}","templated":true}]}}