{"id":5650,"date":"2024-05-03T11:12:34","date_gmt":"2024-05-03T08:12:34","guid":{"rendered":"https:\/\/rocketseo.dev\/audit-tehnic\/"},"modified":"2024-05-28T10:13:14","modified_gmt":"2024-05-28T07:13:14","slug":"audit-tehnic","status":"publish","type":"page","link":"https:\/\/rocketseo.dev\/ro\/audit-tehnic\/","title":{"rendered":"Audit tehnic"},"content":{"rendered":"","protected":false},"excerpt":{"rendered":"","protected":false},"author":2,"featured_media":0,"parent":0,"menu_order":0,"comment_status":"closed","ping_status":"closed","template":"template-parts\/page-tech.php","meta":{"footnotes":""},"class_list":["post-5650","page","type-page","status-publish","hentry"],"featured_image_urls":{"full":"","thumbnail":"","medium":"","medium_large":"","large":"","1536x1536":"","2048x2048":"","betterdocs-category-thumb":""},"post_excerpt_stackable":"","category_list":"","author_info":{"name":"Rocketseo","url":"https:\/\/rocketseo.dev\/ro\/author\/rocketseo\/"},"comments_num":"0 comments","yoast_head":"<!-- This site is optimized with the Yoast SEO Premium plugin v21.5 (Yoast SEO v21.5) - https:\/\/yoast.com\/wordpress\/plugins\/seo\/ -->\n<title>Audit tehnic al site-ului \u00een Moldova \ud83d\udd1d: Verifica\u021bi-v\u0103 site-ul pentru SEO<\/title>\n<meta name=\"description\" content=\"La RocketSEO pute\u021bi cump\u0103ra un audit tehnic al site-ului. Vom analiza site-ul, vom identifica erorile critice, a c\u0103ror corectare va duce la \u00eembun\u0103t\u0103\u021birea pozi\u021biilor \u0219i cre\u0219terea profitului. Comanda\u021bi acum \u0219i primi\u021bi \u00een decurs de o s\u0103pt\u0103m\u00e2n\u0103.\" \/>\n<meta name=\"robots\" content=\"noindex, follow, max-snippet:-1, max-image-preview:large, max-video-preview:-1\" \/>\n<meta property=\"og:locale\" content=\"ro_RO\" \/>\n<meta property=\"og:type\" content=\"article\" \/>\n<meta property=\"og:title\" content=\"Audit tehnic al site-ului \u00een Moldova \ud83d\udd1d: Verifica\u021bi-v\u0103 site-ul pentru SEO\" \/>\n<meta property=\"og:description\" content=\"La RocketSEO pute\u021bi cump\u0103ra un audit tehnic al site-ului. Vom analiza site-ul, vom identifica erorile critice, a c\u0103ror corectare va duce la \u00eembun\u0103t\u0103\u021birea pozi\u021biilor \u0219i cre\u0219terea profitului. Comanda\u021bi acum \u0219i primi\u021bi \u00een decurs de o s\u0103pt\u0103m\u00e2n\u0103.\" \/>\n<meta property=\"og:url\" content=\"https:\/\/rocketseo.dev\/ro\/audit-tehnic\/\" \/>\n<meta property=\"og:site_name\" content=\"RocketSEO.md\" \/>\n<meta property=\"article:modified_time\" content=\"2024-05-28T07:13:14+00:00\" \/>\n<meta property=\"og:image\" content=\"https:\/\/rocketseo.dev\/wp-content\/uploads\/2024\/02\/logo.png\" \/>\n\t<meta property=\"og:image:width\" content=\"276\" \/>\n\t<meta property=\"og:image:height\" content=\"92\" \/>\n\t<meta property=\"og:image:type\" content=\"image\/png\" \/>\n<meta name=\"twitter:card\" content=\"summary_large_image\" \/>\n<script type=\"application\/ld+json\" class=\"yoast-schema-graph\">{\"@context\":\"https:\/\/schema.org\",\"@graph\":[{\"@type\":\"WebPage\",\"@id\":\"https:\/\/rocketseo.dev\/ro\/audit-tehnic\/\",\"url\":\"https:\/\/rocketseo.dev\/ro\/audit-tehnic\/\",\"name\":\"Audit tehnic al site-ului \u00een Moldova \ud83d\udd1d: Verifica\u021bi-v\u0103 site-ul pentru SEO\",\"isPartOf\":{\"@id\":\"https:\/\/rocketseo.dev\/ro\/#website\"},\"datePublished\":\"2024-05-03T08:12:34+00:00\",\"dateModified\":\"2024-05-28T07:13:14+00:00\",\"description\":\"La RocketSEO pute\u021bi cump\u0103ra un audit tehnic al site-ului. Vom analiza site-ul, vom identifica erorile critice, a c\u0103ror corectare va duce la \u00eembun\u0103t\u0103\u021birea pozi\u021biilor \u0219i cre\u0219terea profitului. Comanda\u021bi acum \u0219i primi\u021bi \u00een decurs de o s\u0103pt\u0103m\u00e2n\u0103.\",\"inLanguage\":\"ro-RO\",\"potentialAction\":[{\"@type\":\"ReadAction\",\"target\":[\"https:\/\/rocketseo.dev\/ro\/audit-tehnic\/\"]}]},{\"@type\":\"WebSite\",\"@id\":\"https:\/\/rocketseo.dev\/ro\/#website\",\"url\":\"https:\/\/rocketseo.dev\/ro\/\",\"name\":\"RocketSEO.md\",\"description\":\"\",\"publisher\":{\"@id\":\"https:\/\/rocketseo.dev\/ro\/#organization\"},\"potentialAction\":[{\"@type\":\"SearchAction\",\"target\":{\"@type\":\"EntryPoint\",\"urlTemplate\":\"https:\/\/rocketseo.dev\/ro\/?s={search_term_string}\"},\"query-input\":\"required name=search_term_string\"}],\"inLanguage\":\"ro-RO\"},{\"@type\":\"Organization\",\"@id\":\"https:\/\/rocketseo.dev\/ro\/#organization\",\"name\":\"RocketSEO.md\",\"url\":\"https:\/\/rocketseo.dev\/ro\/\",\"logo\":{\"@type\":\"ImageObject\",\"inLanguage\":\"ro-RO\",\"@id\":\"https:\/\/rocketseo.dev\/ro\/#\/schema\/logo\/image\/\",\"url\":\"https:\/\/rocketseo.dev\/wp-content\/uploads\/2024\/02\/logo.png\",\"contentUrl\":\"https:\/\/rocketseo.dev\/wp-content\/uploads\/2024\/02\/logo.png\",\"width\":276,\"height\":92,\"caption\":\"RocketSEO.md\"},\"image\":{\"@id\":\"https:\/\/rocketseo.dev\/ro\/#\/schema\/logo\/image\/\"}}]}<\/script>\n<!-- \/ Yoast SEO Premium plugin. -->","yoast_head_json":{"title":"Audit tehnic al site-ului \u00een Moldova \ud83d\udd1d: Verifica\u021bi-v\u0103 site-ul pentru SEO","description":"La RocketSEO pute\u021bi cump\u0103ra un audit tehnic al site-ului. Vom analiza site-ul, vom identifica erorile critice, a c\u0103ror corectare va duce la \u00eembun\u0103t\u0103\u021birea pozi\u021biilor \u0219i cre\u0219terea profitului. Comanda\u021bi acum \u0219i primi\u021bi \u00een decurs de o s\u0103pt\u0103m\u00e2n\u0103.","robots":{"index":"noindex","follow":"follow","max-snippet":"max-snippet:-1","max-image-preview":"max-image-preview:large","max-video-preview":"max-video-preview:-1"},"og_locale":"ro_RO","og_type":"article","og_title":"Audit tehnic al site-ului \u00een Moldova \ud83d\udd1d: Verifica\u021bi-v\u0103 site-ul pentru SEO","og_description":"La RocketSEO pute\u021bi cump\u0103ra un audit tehnic al site-ului. Vom analiza site-ul, vom identifica erorile critice, a c\u0103ror corectare va duce la \u00eembun\u0103t\u0103\u021birea pozi\u021biilor \u0219i cre\u0219terea profitului. Comanda\u021bi acum \u0219i primi\u021bi \u00een decurs de o s\u0103pt\u0103m\u00e2n\u0103.","og_url":"https:\/\/rocketseo.dev\/ro\/audit-tehnic\/","og_site_name":"RocketSEO.md","article_modified_time":"2024-05-28T07:13:14+00:00","og_image":[{"width":276,"height":92,"url":"https:\/\/rocketseo.dev\/wp-content\/uploads\/2024\/02\/logo.png","type":"image\/png"}],"twitter_card":"summary_large_image","schema":{"@context":"https:\/\/schema.org","@graph":[{"@type":"WebPage","@id":"https:\/\/rocketseo.dev\/ro\/audit-tehnic\/","url":"https:\/\/rocketseo.dev\/ro\/audit-tehnic\/","name":"Audit tehnic al site-ului \u00een Moldova \ud83d\udd1d: Verifica\u021bi-v\u0103 site-ul pentru SEO","isPartOf":{"@id":"https:\/\/rocketseo.dev\/ro\/#website"},"datePublished":"2024-05-03T08:12:34+00:00","dateModified":"2024-05-28T07:13:14+00:00","description":"La RocketSEO pute\u021bi cump\u0103ra un audit tehnic al site-ului. Vom analiza site-ul, vom identifica erorile critice, a c\u0103ror corectare va duce la \u00eembun\u0103t\u0103\u021birea pozi\u021biilor \u0219i cre\u0219terea profitului. Comanda\u021bi acum \u0219i primi\u021bi \u00een decurs de o s\u0103pt\u0103m\u00e2n\u0103.","inLanguage":"ro-RO","potentialAction":[{"@type":"ReadAction","target":["https:\/\/rocketseo.dev\/ro\/audit-tehnic\/"]}]},{"@type":"WebSite","@id":"https:\/\/rocketseo.dev\/ro\/#website","url":"https:\/\/rocketseo.dev\/ro\/","name":"RocketSEO.md","description":"","publisher":{"@id":"https:\/\/rocketseo.dev\/ro\/#organization"},"potentialAction":[{"@type":"SearchAction","target":{"@type":"EntryPoint","urlTemplate":"https:\/\/rocketseo.dev\/ro\/?s={search_term_string}"},"query-input":"required name=search_term_string"}],"inLanguage":"ro-RO"},{"@type":"Organization","@id":"https:\/\/rocketseo.dev\/ro\/#organization","name":"RocketSEO.md","url":"https:\/\/rocketseo.dev\/ro\/","logo":{"@type":"ImageObject","inLanguage":"ro-RO","@id":"https:\/\/rocketseo.dev\/ro\/#\/schema\/logo\/image\/","url":"https:\/\/rocketseo.dev\/wp-content\/uploads\/2024\/02\/logo.png","contentUrl":"https:\/\/rocketseo.dev\/wp-content\/uploads\/2024\/02\/logo.png","width":276,"height":92,"caption":"RocketSEO.md"},"image":{"@id":"https:\/\/rocketseo.dev\/ro\/#\/schema\/logo\/image\/"}}]}},"_links":{"self":[{"href":"https:\/\/rocketseo.dev\/ro\/wp-json\/wp\/v2\/pages\/5650","targetHints":{"allow":["GET"]}}],"collection":[{"href":"https:\/\/rocketseo.dev\/ro\/wp-json\/wp\/v2\/pages"}],"about":[{"href":"https:\/\/rocketseo.dev\/ro\/wp-json\/wp\/v2\/types\/page"}],"author":[{"embeddable":true,"href":"https:\/\/rocketseo.dev\/ro\/wp-json\/wp\/v2\/users\/2"}],"replies":[{"embeddable":true,"href":"https:\/\/rocketseo.dev\/ro\/wp-json\/wp\/v2\/comments?post=5650"}],"version-history":[{"count":2,"href":"https:\/\/rocketseo.dev\/ro\/wp-json\/wp\/v2\/pages\/5650\/revisions"}],"predecessor-version":[{"id":5978,"href":"https:\/\/rocketseo.dev\/ro\/wp-json\/wp\/v2\/pages\/5650\/revisions\/5978"}],"wp:attachment":[{"href":"https:\/\/rocketseo.dev\/ro\/wp-json\/wp\/v2\/media?parent=5650"}],"curies":[{"name":"wp","href":"https:\/\/api.w.org\/{rel}","templated":true}]}}