{"id":5762,"date":"2025-05-09T12:42:54","date_gmt":"2025-05-09T09:42:54","guid":{"rendered":"https:\/\/rocketseo.dev\/dezvoltarea-magazinelor-online-in-moldova\/"},"modified":"2024-06-05T14:20:03","modified_gmt":"2024-06-05T11:20:03","slug":"dezvoltarea-magazinelor-online-in-moldova","status":"publish","type":"page","link":"https:\/\/rocketseo.dev\/ro\/dezvoltarea-magazinelor-online-in-moldova\/","title":{"rendered":"Dezvoltarea magazinelor online \u00een Moldova"},"content":{"rendered":"","protected":false},"excerpt":{"rendered":"","protected":false},"author":2,"featured_media":0,"parent":0,"menu_order":0,"comment_status":"closed","ping_status":"closed","template":"template-parts\/page-seo.php","meta":{"footnotes":""},"class_list":["post-5762","page","type-page","status-publish","hentry"],"featured_image_urls":{"full":"","thumbnail":"","medium":"","medium_large":"","large":"","1536x1536":"","2048x2048":"","betterdocs-category-thumb":""},"post_excerpt_stackable":"","category_list":"","author_info":{"name":"Rocketseo","url":"https:\/\/rocketseo.dev\/ro\/author\/rocketseo\/"},"comments_num":"0 comments","yoast_head":"<!-- This site is optimized with the Yoast SEO Premium plugin v21.5 (Yoast SEO v21.5) - https:\/\/yoast.com\/wordpress\/plugins\/seo\/ -->\n<title>Dezvoltarea magazinelor online de la RocketSEO \u00een Chi\u0219in\u0103u \u0219i Moldova \ud83d\udd1d<\/title>\n<meta name=\"description\" content=\"Dezvoltarea magazinelor online \u00een Moldova: vitez\u0103 mare, pl\u0103\u021bi online, integrare cu CRM \u0219i 1C, sincronizare automat\u0103 a produselor \u0219i suport lunar. Comanda\u021bi acum crearea magazinului dvs. online pe site!\" \/>\n<meta name=\"robots\" content=\"noindex, follow, max-snippet:-1, max-image-preview:large, max-video-preview:-1\" \/>\n<meta property=\"og:locale\" content=\"ro_RO\" \/>\n<meta property=\"og:type\" content=\"article\" \/>\n<meta property=\"og:title\" content=\"Dezvoltarea magazinelor online de la RocketSEO \u00een Chi\u0219in\u0103u \u0219i Moldova \ud83d\udd1d\" \/>\n<meta property=\"og:description\" content=\"Dezvoltarea magazinelor online \u00een Moldova: vitez\u0103 mare, pl\u0103\u021bi online, integrare cu CRM \u0219i 1C, sincronizare automat\u0103 a produselor \u0219i suport lunar. Comanda\u021bi acum crearea magazinului dvs. online pe site!\" \/>\n<meta property=\"og:url\" content=\"https:\/\/rocketseo.dev\/ro\/dezvoltarea-magazinelor-online-in-moldova\/\" \/>\n<meta property=\"og:site_name\" content=\"RocketSEO.md\" \/>\n<meta property=\"article:modified_time\" content=\"2024-06-05T11:20:03+00:00\" \/>\n<meta property=\"og:image\" content=\"https:\/\/rocketseo.dev\/wp-content\/uploads\/2024\/02\/logo.png\" \/>\n\t<meta property=\"og:image:width\" content=\"276\" \/>\n\t<meta property=\"og:image:height\" content=\"92\" \/>\n\t<meta property=\"og:image:type\" content=\"image\/png\" \/>\n<meta name=\"twitter:card\" content=\"summary_large_image\" \/>\n<script type=\"application\/ld+json\" class=\"yoast-schema-graph\">{\"@context\":\"https:\/\/schema.org\",\"@graph\":[{\"@type\":\"WebPage\",\"@id\":\"https:\/\/rocketseo.dev\/ro\/dezvoltarea-magazinelor-online-in-moldova\/\",\"url\":\"https:\/\/rocketseo.dev\/ro\/dezvoltarea-magazinelor-online-in-moldova\/\",\"name\":\"Dezvoltarea magazinelor online de la RocketSEO \u00een Chi\u0219in\u0103u \u0219i Moldova \ud83d\udd1d\",\"isPartOf\":{\"@id\":\"https:\/\/rocketseo.dev\/ro\/#website\"},\"datePublished\":\"2025-05-09T09:42:54+00:00\",\"dateModified\":\"2024-06-05T11:20:03+00:00\",\"description\":\"Dezvoltarea magazinelor online \u00een Moldova: vitez\u0103 mare, pl\u0103\u021bi online, integrare cu CRM \u0219i 1C, sincronizare automat\u0103 a produselor \u0219i suport lunar. Comanda\u021bi acum crearea magazinului dvs. online pe site!\",\"inLanguage\":\"ro-RO\",\"potentialAction\":[{\"@type\":\"ReadAction\",\"target\":[\"https:\/\/rocketseo.dev\/ro\/dezvoltarea-magazinelor-online-in-moldova\/\"]}]},{\"@type\":\"WebSite\",\"@id\":\"https:\/\/rocketseo.dev\/ro\/#website\",\"url\":\"https:\/\/rocketseo.dev\/ro\/\",\"name\":\"RocketSEO.md\",\"description\":\"\",\"publisher\":{\"@id\":\"https:\/\/rocketseo.dev\/ro\/#organization\"},\"potentialAction\":[{\"@type\":\"SearchAction\",\"target\":{\"@type\":\"EntryPoint\",\"urlTemplate\":\"https:\/\/rocketseo.dev\/ro\/?s={search_term_string}\"},\"query-input\":\"required name=search_term_string\"}],\"inLanguage\":\"ro-RO\"},{\"@type\":\"Organization\",\"@id\":\"https:\/\/rocketseo.dev\/ro\/#organization\",\"name\":\"RocketSEO.md\",\"url\":\"https:\/\/rocketseo.dev\/ro\/\",\"logo\":{\"@type\":\"ImageObject\",\"inLanguage\":\"ro-RO\",\"@id\":\"https:\/\/rocketseo.dev\/ro\/#\/schema\/logo\/image\/\",\"url\":\"https:\/\/rocketseo.dev\/wp-content\/uploads\/2024\/02\/logo.png\",\"contentUrl\":\"https:\/\/rocketseo.dev\/wp-content\/uploads\/2024\/02\/logo.png\",\"width\":276,\"height\":92,\"caption\":\"RocketSEO.md\"},\"image\":{\"@id\":\"https:\/\/rocketseo.dev\/ro\/#\/schema\/logo\/image\/\"}}]}<\/script>\n<!-- \/ Yoast SEO Premium plugin. -->","yoast_head_json":{"title":"Dezvoltarea magazinelor online de la RocketSEO \u00een Chi\u0219in\u0103u \u0219i Moldova \ud83d\udd1d","description":"Dezvoltarea magazinelor online \u00een Moldova: vitez\u0103 mare, pl\u0103\u021bi online, integrare cu CRM \u0219i 1C, sincronizare automat\u0103 a produselor \u0219i suport lunar. Comanda\u021bi acum crearea magazinului dvs. online pe site!","robots":{"index":"noindex","follow":"follow","max-snippet":"max-snippet:-1","max-image-preview":"max-image-preview:large","max-video-preview":"max-video-preview:-1"},"og_locale":"ro_RO","og_type":"article","og_title":"Dezvoltarea magazinelor online de la RocketSEO \u00een Chi\u0219in\u0103u \u0219i Moldova \ud83d\udd1d","og_description":"Dezvoltarea magazinelor online \u00een Moldova: vitez\u0103 mare, pl\u0103\u021bi online, integrare cu CRM \u0219i 1C, sincronizare automat\u0103 a produselor \u0219i suport lunar. Comanda\u021bi acum crearea magazinului dvs. online pe site!","og_url":"https:\/\/rocketseo.dev\/ro\/dezvoltarea-magazinelor-online-in-moldova\/","og_site_name":"RocketSEO.md","article_modified_time":"2024-06-05T11:20:03+00:00","og_image":[{"width":276,"height":92,"url":"https:\/\/rocketseo.dev\/wp-content\/uploads\/2024\/02\/logo.png","type":"image\/png"}],"twitter_card":"summary_large_image","schema":{"@context":"https:\/\/schema.org","@graph":[{"@type":"WebPage","@id":"https:\/\/rocketseo.dev\/ro\/dezvoltarea-magazinelor-online-in-moldova\/","url":"https:\/\/rocketseo.dev\/ro\/dezvoltarea-magazinelor-online-in-moldova\/","name":"Dezvoltarea magazinelor online de la RocketSEO \u00een Chi\u0219in\u0103u \u0219i Moldova \ud83d\udd1d","isPartOf":{"@id":"https:\/\/rocketseo.dev\/ro\/#website"},"datePublished":"2025-05-09T09:42:54+00:00","dateModified":"2024-06-05T11:20:03+00:00","description":"Dezvoltarea magazinelor online \u00een Moldova: vitez\u0103 mare, pl\u0103\u021bi online, integrare cu CRM \u0219i 1C, sincronizare automat\u0103 a produselor \u0219i suport lunar. Comanda\u021bi acum crearea magazinului dvs. online pe site!","inLanguage":"ro-RO","potentialAction":[{"@type":"ReadAction","target":["https:\/\/rocketseo.dev\/ro\/dezvoltarea-magazinelor-online-in-moldova\/"]}]},{"@type":"WebSite","@id":"https:\/\/rocketseo.dev\/ro\/#website","url":"https:\/\/rocketseo.dev\/ro\/","name":"RocketSEO.md","description":"","publisher":{"@id":"https:\/\/rocketseo.dev\/ro\/#organization"},"potentialAction":[{"@type":"SearchAction","target":{"@type":"EntryPoint","urlTemplate":"https:\/\/rocketseo.dev\/ro\/?s={search_term_string}"},"query-input":"required name=search_term_string"}],"inLanguage":"ro-RO"},{"@type":"Organization","@id":"https:\/\/rocketseo.dev\/ro\/#organization","name":"RocketSEO.md","url":"https:\/\/rocketseo.dev\/ro\/","logo":{"@type":"ImageObject","inLanguage":"ro-RO","@id":"https:\/\/rocketseo.dev\/ro\/#\/schema\/logo\/image\/","url":"https:\/\/rocketseo.dev\/wp-content\/uploads\/2024\/02\/logo.png","contentUrl":"https:\/\/rocketseo.dev\/wp-content\/uploads\/2024\/02\/logo.png","width":276,"height":92,"caption":"RocketSEO.md"},"image":{"@id":"https:\/\/rocketseo.dev\/ro\/#\/schema\/logo\/image\/"}}]}},"_links":{"self":[{"href":"https:\/\/rocketseo.dev\/ro\/wp-json\/wp\/v2\/pages\/5762","targetHints":{"allow":["GET"]}}],"collection":[{"href":"https:\/\/rocketseo.dev\/ro\/wp-json\/wp\/v2\/pages"}],"about":[{"href":"https:\/\/rocketseo.dev\/ro\/wp-json\/wp\/v2\/types\/page"}],"author":[{"embeddable":true,"href":"https:\/\/rocketseo.dev\/ro\/wp-json\/wp\/v2\/users\/2"}],"replies":[{"embeddable":true,"href":"https:\/\/rocketseo.dev\/ro\/wp-json\/wp\/v2\/comments?post=5762"}],"version-history":[{"count":4,"href":"https:\/\/rocketseo.dev\/ro\/wp-json\/wp\/v2\/pages\/5762\/revisions"}],"predecessor-version":[{"id":6171,"href":"https:\/\/rocketseo.dev\/ro\/wp-json\/wp\/v2\/pages\/5762\/revisions\/6171"}],"wp:attachment":[{"href":"https:\/\/rocketseo.dev\/ro\/wp-json\/wp\/v2\/media?parent=5762"}],"curies":[{"name":"wp","href":"https:\/\/api.w.org\/{rel}","templated":true}]}}