{"id":5999,"date":"2024-05-22T10:38:10","date_gmt":"2024-05-22T07:38:10","guid":{"rendered":"https:\/\/rocketseo.dev\/eliminarea-sanctiunilor-motoarelor-de-cautare\/"},"modified":"2024-06-05T12:10:53","modified_gmt":"2024-06-05T09:10:53","slug":"eliminarea-sanctiunilor-motoarelor-de-cautare","status":"publish","type":"page","link":"https:\/\/rocketseo.dev\/ro\/eliminarea-sanctiunilor-motoarelor-de-cautare\/","title":{"rendered":"Eliminarea sanc\u021biunilor motoarelor de c\u0103utare"},"content":{"rendered":"","protected":false},"excerpt":{"rendered":"","protected":false},"author":2,"featured_media":0,"parent":0,"menu_order":0,"comment_status":"closed","ping_status":"closed","template":"template-parts\/page-seo.php","meta":{"footnotes":""},"class_list":["post-5999","page","type-page","status-publish","hentry"],"featured_image_urls":{"full":"","thumbnail":"","medium":"","medium_large":"","large":"","1536x1536":"","2048x2048":"","betterdocs-category-thumb":""},"post_excerpt_stackable":"","category_list":"","author_info":{"name":"Rocketseo","url":"https:\/\/rocketseo.dev\/ro\/author\/rocketseo\/"},"comments_num":"0 comments","yoast_head":"<!-- This site is optimized with the Yoast SEO Premium plugin v21.5 (Yoast SEO v21.5) - https:\/\/yoast.com\/wordpress\/plugins\/seo\/ -->\n<title>Eliminarea sanc\u021biunilor motoarelor de c\u0103utare \ud83d\udd1d RocketSEO \u00een Chi\u0219in\u0103u, Moldova<\/title>\n<meta name=\"description\" content=\"Site-ul dvs. a fost sanc\u021bionat de un motor de c\u0103utare? RocketSEO v\u0103 va ajuta s\u0103 \u00een\u021belege\u021bi motivul! Vom dezvolta o strategie individual\u0103 \u0219i vom restabili traficul \u0219i pozi\u021biile site-ului. Detalii \u0219i comand\u0103 servicii pe site.\" \/>\n<meta name=\"robots\" content=\"noindex, follow, max-snippet:-1, max-image-preview:large, max-video-preview:-1\" \/>\n<meta property=\"og:locale\" content=\"ro_RO\" \/>\n<meta property=\"og:type\" content=\"article\" \/>\n<meta property=\"og:title\" content=\"Eliminarea sanc\u021biunilor motoarelor de c\u0103utare \ud83d\udd1d RocketSEO \u00een Chi\u0219in\u0103u, Moldova\" \/>\n<meta property=\"og:description\" content=\"Site-ul dvs. a fost sanc\u021bionat de un motor de c\u0103utare? RocketSEO v\u0103 va ajuta s\u0103 \u00een\u021belege\u021bi motivul! Vom dezvolta o strategie individual\u0103 \u0219i vom restabili traficul \u0219i pozi\u021biile site-ului. Detalii \u0219i comand\u0103 servicii pe site.\" \/>\n<meta property=\"og:url\" content=\"https:\/\/rocketseo.dev\/ro\/eliminarea-sanctiunilor-motoarelor-de-cautare\/\" \/>\n<meta property=\"og:site_name\" content=\"RocketSEO.md\" \/>\n<meta property=\"article:modified_time\" content=\"2024-06-05T09:10:53+00:00\" \/>\n<meta property=\"og:image\" content=\"https:\/\/rocketseo.dev\/wp-content\/uploads\/2024\/02\/logo.png\" \/>\n\t<meta property=\"og:image:width\" content=\"276\" \/>\n\t<meta property=\"og:image:height\" content=\"92\" \/>\n\t<meta property=\"og:image:type\" content=\"image\/png\" \/>\n<meta name=\"twitter:card\" content=\"summary_large_image\" \/>\n<script type=\"application\/ld+json\" class=\"yoast-schema-graph\">{\"@context\":\"https:\/\/schema.org\",\"@graph\":[{\"@type\":\"WebPage\",\"@id\":\"https:\/\/rocketseo.dev\/ro\/eliminarea-sanctiunilor-motoarelor-de-cautare\/\",\"url\":\"https:\/\/rocketseo.dev\/ro\/eliminarea-sanctiunilor-motoarelor-de-cautare\/\",\"name\":\"Eliminarea sanc\u021biunilor motoarelor de c\u0103utare \ud83d\udd1d RocketSEO \u00een Chi\u0219in\u0103u, Moldova\",\"isPartOf\":{\"@id\":\"https:\/\/rocketseo.dev\/ro\/#website\"},\"datePublished\":\"2024-05-22T07:38:10+00:00\",\"dateModified\":\"2024-06-05T09:10:53+00:00\",\"description\":\"Site-ul dvs. a fost sanc\u021bionat de un motor de c\u0103utare? RocketSEO v\u0103 va ajuta s\u0103 \u00een\u021belege\u021bi motivul! Vom dezvolta o strategie individual\u0103 \u0219i vom restabili traficul \u0219i pozi\u021biile site-ului. Detalii \u0219i comand\u0103 servicii pe site.\",\"inLanguage\":\"ro-RO\",\"potentialAction\":[{\"@type\":\"ReadAction\",\"target\":[\"https:\/\/rocketseo.dev\/ro\/eliminarea-sanctiunilor-motoarelor-de-cautare\/\"]}]},{\"@type\":\"WebSite\",\"@id\":\"https:\/\/rocketseo.dev\/ro\/#website\",\"url\":\"https:\/\/rocketseo.dev\/ro\/\",\"name\":\"RocketSEO.md\",\"description\":\"\",\"publisher\":{\"@id\":\"https:\/\/rocketseo.dev\/ro\/#organization\"},\"potentialAction\":[{\"@type\":\"SearchAction\",\"target\":{\"@type\":\"EntryPoint\",\"urlTemplate\":\"https:\/\/rocketseo.dev\/ro\/?s={search_term_string}\"},\"query-input\":\"required name=search_term_string\"}],\"inLanguage\":\"ro-RO\"},{\"@type\":\"Organization\",\"@id\":\"https:\/\/rocketseo.dev\/ro\/#organization\",\"name\":\"RocketSEO.md\",\"url\":\"https:\/\/rocketseo.dev\/ro\/\",\"logo\":{\"@type\":\"ImageObject\",\"inLanguage\":\"ro-RO\",\"@id\":\"https:\/\/rocketseo.dev\/ro\/#\/schema\/logo\/image\/\",\"url\":\"https:\/\/rocketseo.dev\/wp-content\/uploads\/2024\/02\/logo.png\",\"contentUrl\":\"https:\/\/rocketseo.dev\/wp-content\/uploads\/2024\/02\/logo.png\",\"width\":276,\"height\":92,\"caption\":\"RocketSEO.md\"},\"image\":{\"@id\":\"https:\/\/rocketseo.dev\/ro\/#\/schema\/logo\/image\/\"}}]}<\/script>\n<!-- \/ Yoast SEO Premium plugin. -->","yoast_head_json":{"title":"Eliminarea sanc\u021biunilor motoarelor de c\u0103utare \ud83d\udd1d RocketSEO \u00een Chi\u0219in\u0103u, Moldova","description":"Site-ul dvs. a fost sanc\u021bionat de un motor de c\u0103utare? RocketSEO v\u0103 va ajuta s\u0103 \u00een\u021belege\u021bi motivul! Vom dezvolta o strategie individual\u0103 \u0219i vom restabili traficul \u0219i pozi\u021biile site-ului. Detalii \u0219i comand\u0103 servicii pe site.","robots":{"index":"noindex","follow":"follow","max-snippet":"max-snippet:-1","max-image-preview":"max-image-preview:large","max-video-preview":"max-video-preview:-1"},"og_locale":"ro_RO","og_type":"article","og_title":"Eliminarea sanc\u021biunilor motoarelor de c\u0103utare \ud83d\udd1d RocketSEO \u00een Chi\u0219in\u0103u, Moldova","og_description":"Site-ul dvs. a fost sanc\u021bionat de un motor de c\u0103utare? RocketSEO v\u0103 va ajuta s\u0103 \u00een\u021belege\u021bi motivul! Vom dezvolta o strategie individual\u0103 \u0219i vom restabili traficul \u0219i pozi\u021biile site-ului. Detalii \u0219i comand\u0103 servicii pe site.","og_url":"https:\/\/rocketseo.dev\/ro\/eliminarea-sanctiunilor-motoarelor-de-cautare\/","og_site_name":"RocketSEO.md","article_modified_time":"2024-06-05T09:10:53+00:00","og_image":[{"width":276,"height":92,"url":"https:\/\/rocketseo.dev\/wp-content\/uploads\/2024\/02\/logo.png","type":"image\/png"}],"twitter_card":"summary_large_image","schema":{"@context":"https:\/\/schema.org","@graph":[{"@type":"WebPage","@id":"https:\/\/rocketseo.dev\/ro\/eliminarea-sanctiunilor-motoarelor-de-cautare\/","url":"https:\/\/rocketseo.dev\/ro\/eliminarea-sanctiunilor-motoarelor-de-cautare\/","name":"Eliminarea sanc\u021biunilor motoarelor de c\u0103utare \ud83d\udd1d RocketSEO \u00een Chi\u0219in\u0103u, Moldova","isPartOf":{"@id":"https:\/\/rocketseo.dev\/ro\/#website"},"datePublished":"2024-05-22T07:38:10+00:00","dateModified":"2024-06-05T09:10:53+00:00","description":"Site-ul dvs. a fost sanc\u021bionat de un motor de c\u0103utare? RocketSEO v\u0103 va ajuta s\u0103 \u00een\u021belege\u021bi motivul! Vom dezvolta o strategie individual\u0103 \u0219i vom restabili traficul \u0219i pozi\u021biile site-ului. Detalii \u0219i comand\u0103 servicii pe site.","inLanguage":"ro-RO","potentialAction":[{"@type":"ReadAction","target":["https:\/\/rocketseo.dev\/ro\/eliminarea-sanctiunilor-motoarelor-de-cautare\/"]}]},{"@type":"WebSite","@id":"https:\/\/rocketseo.dev\/ro\/#website","url":"https:\/\/rocketseo.dev\/ro\/","name":"RocketSEO.md","description":"","publisher":{"@id":"https:\/\/rocketseo.dev\/ro\/#organization"},"potentialAction":[{"@type":"SearchAction","target":{"@type":"EntryPoint","urlTemplate":"https:\/\/rocketseo.dev\/ro\/?s={search_term_string}"},"query-input":"required name=search_term_string"}],"inLanguage":"ro-RO"},{"@type":"Organization","@id":"https:\/\/rocketseo.dev\/ro\/#organization","name":"RocketSEO.md","url":"https:\/\/rocketseo.dev\/ro\/","logo":{"@type":"ImageObject","inLanguage":"ro-RO","@id":"https:\/\/rocketseo.dev\/ro\/#\/schema\/logo\/image\/","url":"https:\/\/rocketseo.dev\/wp-content\/uploads\/2024\/02\/logo.png","contentUrl":"https:\/\/rocketseo.dev\/wp-content\/uploads\/2024\/02\/logo.png","width":276,"height":92,"caption":"RocketSEO.md"},"image":{"@id":"https:\/\/rocketseo.dev\/ro\/#\/schema\/logo\/image\/"}}]}},"_links":{"self":[{"href":"https:\/\/rocketseo.dev\/ro\/wp-json\/wp\/v2\/pages\/5999","targetHints":{"allow":["GET"]}}],"collection":[{"href":"https:\/\/rocketseo.dev\/ro\/wp-json\/wp\/v2\/pages"}],"about":[{"href":"https:\/\/rocketseo.dev\/ro\/wp-json\/wp\/v2\/types\/page"}],"author":[{"embeddable":true,"href":"https:\/\/rocketseo.dev\/ro\/wp-json\/wp\/v2\/users\/2"}],"replies":[{"embeddable":true,"href":"https:\/\/rocketseo.dev\/ro\/wp-json\/wp\/v2\/comments?post=5999"}],"version-history":[{"count":7,"href":"https:\/\/rocketseo.dev\/ro\/wp-json\/wp\/v2\/pages\/5999\/revisions"}],"predecessor-version":[{"id":6162,"href":"https:\/\/rocketseo.dev\/ro\/wp-json\/wp\/v2\/pages\/5999\/revisions\/6162"}],"wp:attachment":[{"href":"https:\/\/rocketseo.dev\/ro\/wp-json\/wp\/v2\/media?parent=5999"}],"curies":[{"name":"wp","href":"https:\/\/api.w.org\/{rel}","templated":true}]}}